{"id":22,"date":"2024-07-26T15:38:27","date_gmt":"2024-07-26T15:38:27","guid":{"rendered":"https:\/\/leoninformatica.com.py\/inicio\/?page_id=22"},"modified":"2024-08-14T18:12:12","modified_gmt":"2024-08-14T18:12:12","slug":"nuestras-soluciones","status":"publish","type":"page","link":"https:\/\/leoninformatica.com.py\/inicio\/index.php\/nuestras-soluciones\/","title":{"rendered":"Nuestras soluciones"},"content":{"rendered":"\n<div class=\"wp-block-group alignfull has-accent-background-color has-background has-global-padding is-layout-constrained wp-container-core-group-is-layout-669513ed wp-block-group-is-layout-constrained\" style=\"margin-top:0;margin-bottom:0;padding-top:var(--wp--preset--spacing--50);padding-right:var(--wp--preset--spacing--50);padding-bottom:var(--wp--preset--spacing--50);padding-left:var(--wp--preset--spacing--50)\">\n<div class=\"wp-block-columns alignwide is-layout-flex wp-container-core-columns-is-layout-1da03c2a wp-block-columns-is-layout-flex\">\n<div class=\"wp-block-column is-vertically-aligned-stretch is-layout-flow wp-block-column-is-layout-flow\" style=\"flex-basis:50%\">\n<div class=\"wp-block-group is-vertical is-content-justification-stretch is-layout-flex wp-container-core-group-is-layout-444d5ee8 wp-block-group-is-layout-flex\" style=\"min-height:100%\">\n<h2 class=\"wp-block-heading alignwide\" style=\"font-size:clamp(27.894px, 1.743rem + ((1vw - 3.2px) * 2.094), 48px);line-height:1.1\">Monitoreo de redes<\/h2>\n\n\n\n<div class=\"wp-block-columns is-layout-flex wp-container-core-columns-is-layout-28f84493 wp-block-columns-is-layout-flex\">\n<div class=\"wp-block-column is-layout-flow wp-block-column-is-layout-flow\" style=\"flex-basis:100%\">\n<div class=\"wp-block-columns is-layout-flex wp-container-core-columns-is-layout-28f84493 wp-block-columns-is-layout-flex\">\n<div class=\"wp-block-column is-layout-flow wp-block-column-is-layout-flow\" style=\"flex-basis:100%\">\n<p>El monitoreo de red es una pr\u00e1ctica esencial en la gesti\u00f3n de infraestructuras de tecnolog\u00eda de la informaci\u00f3n, proporciona la informaci\u00f3n que los administradores de redes necesitan para determinar si una red est\u00e1 funcionando de manera eficiente y confiable, buscando componentes lentos o defectuosos.<\/p>\n\n\n\n<p> Esto se logra a trav\u00e9s de herramientas y software de monitoreo que recopilan datos en tiempo real sobre el tr\u00e1fico de la red, el estado de los dispositivos y otros par\u00e1metros cr\u00edticos.<\/p>\n<\/div>\n<\/div>\n<\/div>\n<\/div>\n\n\n\n<div class=\"wp-block-columns is-layout-flex wp-container-core-columns-is-layout-28f84493 wp-block-columns-is-layout-flex\">\n<div class=\"wp-block-column is-layout-flow wp-block-column-is-layout-flow\" style=\"flex-basis:100%\">\n<ul class=\"wp-block-list is-style-default\">\n<li><\/li>\n<\/ul>\n<\/div>\n<\/div>\n\n\n\n<div class=\"wp-block-group has-global-padding is-layout-constrained wp-block-group-is-layout-constrained\"><\/div>\n\n\n\n<div class=\"wp-block-group has-global-padding is-content-justification-left is-layout-constrained wp-container-core-group-is-layout-9fe8ed88 wp-block-group-is-layout-constrained\">\n<div class=\"wp-block-buttons is-layout-flex wp-block-buttons-is-layout-flex\"><\/div>\n<\/div>\n<\/div>\n<\/div>\n\n\n\n<div class=\"wp-block-column is-vertically-aligned-center is-layout-flow wp-block-column-is-layout-flow\" style=\"flex-basis:50%\">\n<figure class=\"wp-block-image aligncenter size-large is-resized is-style-rounded is-style-rounded--1\"><img loading=\"lazy\" decoding=\"async\" width=\"1024\" height=\"624\" src=\"https:\/\/leoninformatica.com.py\/inicio\/wp-content\/uploads\/2024\/07\/monitoreo-1024x624.jpg\" alt=\"\" class=\"wp-image-32\" style=\"aspect-ratio:0.75;object-fit:cover;width:397px;height:auto\" srcset=\"https:\/\/leoninformatica.com.py\/inicio\/wp-content\/uploads\/2024\/07\/monitoreo-1024x624.jpg 1024w, https:\/\/leoninformatica.com.py\/inicio\/wp-content\/uploads\/2024\/07\/monitoreo-300x183.jpg 300w, https:\/\/leoninformatica.com.py\/inicio\/wp-content\/uploads\/2024\/07\/monitoreo-768x468.jpg 768w, https:\/\/leoninformatica.com.py\/inicio\/wp-content\/uploads\/2024\/07\/monitoreo.jpg 1280w\" sizes=\"auto, (max-width: 1024px) 100vw, 1024px\" \/><\/figure>\n<\/div>\n<\/div>\n<\/div>\n\n\n\n<div class=\"wp-block-group alignfull has-base-background-color has-background has-global-padding is-layout-constrained wp-container-core-group-is-layout-d89aad35 wp-block-group-is-layout-constrained\" style=\"margin-top:0;margin-bottom:0;padding-top:var(--wp--preset--spacing--50);padding-right:var(--wp--preset--spacing--50);padding-bottom:var(--wp--preset--spacing--50);padding-left:var(--wp--preset--spacing--50)\">\n<div class=\"wp-block-columns alignwide is-layout-flex wp-container-core-columns-is-layout-549b0c86 wp-block-columns-is-layout-flex\">\n<div class=\"wp-block-column has-global-padding is-content-justification-left is-layout-constrained wp-container-core-column-is-layout-4f15e8fe wp-block-column-is-layout-constrained\" style=\"flex-basis:40%\">\n<h2 class=\"wp-block-heading has-text-align-left\">Soporte t\u00e9cnico<\/h2>\n\n\n\n<p class=\"wp-container-content-9cfa9a5a\">Ofrecemos asistencia continua para resolver problemas t\u00e9cnicos, realizar mantenimiento preventivo y correctivo, y asegurar que todos tus sistemas funcionen sin interrupciones. Nuestro equipo est\u00e1 disponible para atender cualquier incidencia que pueda surgir, garantizando el m\u00ednimo tiempo de inactividad.<\/p>\n<\/div>\n\n\n\n<div class=\"wp-block-column is-layout-flow wp-container-core-column-is-layout-119bc444 wp-block-column-is-layout-flow\" style=\"flex-basis:60%\">\n<figure class=\"wp-block-image size-full is-resized\"><img loading=\"lazy\" decoding=\"async\" width=\"720\" height=\"340\" src=\"https:\/\/leoninformatica.com.py\/inicio\/wp-content\/uploads\/2024\/08\/Soporte.jpg\" alt=\"\" class=\"wp-image-93\" style=\"width:659px;height:auto\" srcset=\"https:\/\/leoninformatica.com.py\/inicio\/wp-content\/uploads\/2024\/08\/Soporte.jpg 720w, https:\/\/leoninformatica.com.py\/inicio\/wp-content\/uploads\/2024\/08\/Soporte-300x142.jpg 300w\" sizes=\"auto, (max-width: 720px) 100vw, 720px\" \/><\/figure>\n<\/div>\n<\/div>\n<\/div>\n\n\n\n<div class=\"wp-block-group alignfull has-accent-5-background-color has-background has-global-padding is-layout-constrained wp-container-core-group-is-layout-d89aad35 wp-block-group-is-layout-constrained\" style=\"margin-top:0;margin-bottom:0;padding-top:var(--wp--preset--spacing--50);padding-right:var(--wp--preset--spacing--50);padding-bottom:var(--wp--preset--spacing--50);padding-left:var(--wp--preset--spacing--50)\">\n<div class=\"wp-block-columns alignwide is-layout-flex wp-container-core-columns-is-layout-1da03c2a wp-block-columns-is-layout-flex\">\n<div class=\"wp-block-column is-vertically-aligned-center is-layout-flow wp-block-column-is-layout-flow\" style=\"flex-basis:60%\">\n<figure class=\"wp-block-image size-full is-style-rounded wp-duotone-duotone-1 is-style-rounded--2\"><img loading=\"lazy\" decoding=\"async\" width=\"870\" height=\"570\" src=\"https:\/\/leoninformatica.com.py\/inicio\/wp-content\/uploads\/2024\/08\/Infraestructura.jpg\" alt=\"\" class=\"wp-image-94\" style=\"aspect-ratio:4\/3;object-fit:cover\" srcset=\"https:\/\/leoninformatica.com.py\/inicio\/wp-content\/uploads\/2024\/08\/Infraestructura.jpg 870w, https:\/\/leoninformatica.com.py\/inicio\/wp-content\/uploads\/2024\/08\/Infraestructura-300x197.jpg 300w, https:\/\/leoninformatica.com.py\/inicio\/wp-content\/uploads\/2024\/08\/Infraestructura-768x503.jpg 768w\" sizes=\"auto, (max-width: 870px) 100vw, 870px\" \/><\/figure>\n<\/div>\n\n\n\n<div class=\"wp-block-column is-layout-flow wp-block-column-is-layout-flow\" style=\"flex-basis:40%\">\n<h2 class=\"wp-block-heading\">Gesti\u00f3n de infraestructura<\/h2>\n\n\n\n<p>Nos encargamos de la implementaci\u00f3n y mantenimiento de todos los componentes de hardware y software en tu empresa. Optimizamos el rendimiento y la seguridad de tu infraestructura tecnol\u00f3gica, permiti\u00e9ndote concentrarte en tu negocio mientras nosotros gestionamos tus recursos tecnol\u00f3gicos<\/p>\n\n\n\n<div class=\"wp-block-buttons is-layout-flex wp-block-buttons-is-layout-flex\">\n<div class=\"wp-block-button\"><a class=\"wp-block-button__link wp-element-button\">Our services<\/a><\/div>\n<\/div>\n<\/div>\n<\/div>\n<\/div>\n\n\n\n<div class=\"wp-block-group alignfull has-base-background-color has-background has-global-padding is-layout-constrained wp-container-core-group-is-layout-d89aad35 wp-block-group-is-layout-constrained\" style=\"margin-top:0;margin-bottom:0;padding-top:var(--wp--preset--spacing--50);padding-right:var(--wp--preset--spacing--50);padding-bottom:var(--wp--preset--spacing--50);padding-left:var(--wp--preset--spacing--50)\">\n<div class=\"wp-block-columns alignwide is-layout-flex wp-container-core-columns-is-layout-549b0c86 wp-block-columns-is-layout-flex\">\n<div class=\"wp-block-column has-global-padding is-content-justification-left is-layout-constrained wp-container-core-column-is-layout-4f15e8fe wp-block-column-is-layout-constrained\" style=\"flex-basis:40%\">\n<h2 class=\"wp-block-heading has-text-align-left\">Seguridad inform\u00e1tica<\/h2>\n\n\n\n<p class=\"wp-container-content-9cfa9a5a\">Protege tu empresa contra amenazas cibern\u00e9ticas con nuestras soluciones de seguridad inform\u00e1tica. Implementamos y gestionamos sistemas de antivirus, firewalls y realizamos auditor\u00edas de seguridad para garantizar que tus datos est\u00e9n siempre protegidos.<\/p>\n<\/div>\n\n\n\n<div class=\"wp-block-column is-layout-flow wp-container-core-column-is-layout-119bc444 wp-block-column-is-layout-flow\" style=\"flex-basis:60%\">\n<figure class=\"wp-block-image size-full is-resized\"><img loading=\"lazy\" decoding=\"async\" width=\"755\" height=\"425\" src=\"https:\/\/leoninformatica.com.py\/inicio\/wp-content\/uploads\/2024\/08\/Seguridad.jpeg\" alt=\"\" class=\"wp-image-95\" style=\"width:659px;height:auto\" srcset=\"https:\/\/leoninformatica.com.py\/inicio\/wp-content\/uploads\/2024\/08\/Seguridad.jpeg 755w, https:\/\/leoninformatica.com.py\/inicio\/wp-content\/uploads\/2024\/08\/Seguridad-300x169.jpeg 300w\" sizes=\"auto, (max-width: 755px) 100vw, 755px\" \/><\/figure>\n<\/div>\n<\/div>\n<\/div>\n\n\n\n<div class=\"wp-block-group alignfull has-accent-5-background-color has-background has-global-padding is-layout-constrained wp-container-core-group-is-layout-d89aad35 wp-block-group-is-layout-constrained\" style=\"margin-top:0;margin-bottom:0;padding-top:var(--wp--preset--spacing--50);padding-right:var(--wp--preset--spacing--50);padding-bottom:var(--wp--preset--spacing--50);padding-left:var(--wp--preset--spacing--50)\">\n<div class=\"wp-block-columns alignwide is-layout-flex wp-container-core-columns-is-layout-1da03c2a wp-block-columns-is-layout-flex\">\n<div class=\"wp-block-column is-vertically-aligned-center is-layout-flow wp-block-column-is-layout-flow\" style=\"flex-basis:60%\">\n<figure class=\"wp-block-image size-full is-style-rounded wp-duotone-duotone-1 is-style-rounded--3\"><img loading=\"lazy\" decoding=\"async\" width=\"1280\" height=\"645\" src=\"https:\/\/leoninformatica.com.py\/inicio\/wp-content\/uploads\/2024\/08\/Consultoria.jpeg\" alt=\"\" class=\"wp-image-96\" style=\"aspect-ratio:4\/3;object-fit:cover\" srcset=\"https:\/\/leoninformatica.com.py\/inicio\/wp-content\/uploads\/2024\/08\/Consultoria.jpeg 1280w, https:\/\/leoninformatica.com.py\/inicio\/wp-content\/uploads\/2024\/08\/Consultoria-300x151.jpeg 300w, https:\/\/leoninformatica.com.py\/inicio\/wp-content\/uploads\/2024\/08\/Consultoria-1024x516.jpeg 1024w, https:\/\/leoninformatica.com.py\/inicio\/wp-content\/uploads\/2024\/08\/Consultoria-768x387.jpeg 768w\" sizes=\"auto, (max-width: 1280px) 100vw, 1280px\" \/><\/figure>\n<\/div>\n\n\n\n<div class=\"wp-block-column is-layout-flow wp-block-column-is-layout-flow\" style=\"flex-basis:40%\">\n<h2 class=\"wp-block-heading\">Consultor\u00eda TI<\/h2>\n\n\n\n<p>Proporcionamos asesoramiento especializado para ayudarte a tomar decisiones informadas sobre tu infraestructura tecnol\u00f3gica. Evaluamos tus necesidades actuales y futuras para ofrecerte soluciones que optimicen el rendimiento y la eficiencia de tus operaciones.<\/p>\n\n\n\n<div class=\"wp-block-buttons is-layout-flex wp-block-buttons-is-layout-flex\">\n<div class=\"wp-block-button\"><a class=\"wp-block-button__link wp-element-button\">Our services<\/a><\/div>\n<\/div>\n<\/div>\n<\/div>\n<\/div>\n\n\n\n<div class=\"wp-block-group alignfull has-base-background-color has-background has-global-padding is-layout-constrained wp-container-core-group-is-layout-d89aad35 wp-block-group-is-layout-constrained\" style=\"margin-top:0;margin-bottom:0;padding-top:var(--wp--preset--spacing--50);padding-right:var(--wp--preset--spacing--50);padding-bottom:var(--wp--preset--spacing--50);padding-left:var(--wp--preset--spacing--50)\">\n<div class=\"wp-block-columns alignwide is-layout-flex wp-container-core-columns-is-layout-549b0c86 wp-block-columns-is-layout-flex\">\n<div class=\"wp-block-column has-global-padding is-content-justification-left is-layout-constrained wp-container-core-column-is-layout-4f15e8fe wp-block-column-is-layout-constrained\" style=\"flex-basis:40%\">\n<h2 class=\"wp-block-heading has-text-align-left\">Backup y recuperaci\u00f3n de datos<\/h2>\n\n\n\n<p class=\"wp-container-content-9cfa9a5a\">Protege la continuidad de tu negocio con nuestras soluciones de backup y recuperaci\u00f3n de datos. Ofrecemos servicios que garantizan que tus datos est\u00e9n siempre respaldados y disponibles para ser restaurados en caso de p\u00e9rdida o desastre, minimizando el impacto en tus operaciones.<\/p>\n<\/div>\n\n\n\n<div class=\"wp-block-column is-layout-flow wp-container-core-column-is-layout-119bc444 wp-block-column-is-layout-flow\" style=\"flex-basis:60%\">\n<figure class=\"wp-block-image size-full is-resized\"><img loading=\"lazy\" decoding=\"async\" width=\"1200\" height=\"579\" src=\"https:\/\/leoninformatica.com.py\/inicio\/wp-content\/uploads\/2024\/08\/Backup.jpg\" alt=\"\" class=\"wp-image-97\" style=\"width:659px;height:auto\" srcset=\"https:\/\/leoninformatica.com.py\/inicio\/wp-content\/uploads\/2024\/08\/Backup.jpg 1200w, https:\/\/leoninformatica.com.py\/inicio\/wp-content\/uploads\/2024\/08\/Backup-300x145.jpg 300w, https:\/\/leoninformatica.com.py\/inicio\/wp-content\/uploads\/2024\/08\/Backup-1024x494.jpg 1024w, https:\/\/leoninformatica.com.py\/inicio\/wp-content\/uploads\/2024\/08\/Backup-768x371.jpg 768w\" sizes=\"auto, (max-width: 1200px) 100vw, 1200px\" \/><\/figure>\n<\/div>\n<\/div>\n<\/div>\n","protected":false},"excerpt":{"rendered":"<p>Monitoreo de redes El monitoreo de red es una pr\u00e1ctica esencial en la gesti\u00f3n de infraestructuras de tecnolog\u00eda de la informaci\u00f3n, proporciona la informaci\u00f3n que los administradores de redes necesitan para determinar si una red est\u00e1 funcionando de manera eficiente y confiable, buscando componentes lentos o defectuosos. Esto se logra a trav\u00e9s de herramientas y [&hellip;]<\/p>\n","protected":false},"author":1,"featured_media":31,"parent":0,"menu_order":0,"comment_status":"closed","ping_status":"closed","template":"","meta":{"footnotes":""},"class_list":["post-22","page","type-page","status-publish","has-post-thumbnail","hentry"],"yoast_head":"<!-- This site is optimized with the Yoast SEO plugin v24.2 - https:\/\/yoast.com\/wordpress\/plugins\/seo\/ -->\n<title>Nuestras soluciones - Le\u00f3n Inform\u00e1tica<\/title>\n<meta name=\"robots\" content=\"index, follow, max-snippet:-1, max-image-preview:large, max-video-preview:-1\" \/>\n<link rel=\"canonical\" href=\"https:\/\/leoninformatica.com.py\/inicio\/index.php\/nuestras-soluciones\/\" \/>\n<meta property=\"og:locale\" content=\"es_ES\" \/>\n<meta property=\"og:type\" content=\"article\" \/>\n<meta property=\"og:title\" content=\"Nuestras soluciones - Le\u00f3n Inform\u00e1tica\" \/>\n<meta property=\"og:description\" content=\"Monitoreo de redes El monitoreo de red es una pr\u00e1ctica esencial en la gesti\u00f3n de infraestructuras de tecnolog\u00eda de la informaci\u00f3n, proporciona la informaci\u00f3n que los administradores de redes necesitan para determinar si una red est\u00e1 funcionando de manera eficiente y confiable, buscando componentes lentos o defectuosos. Esto se logra a trav\u00e9s de herramientas y [&hellip;]\" \/>\n<meta property=\"og:url\" content=\"https:\/\/leoninformatica.com.py\/inicio\/index.php\/nuestras-soluciones\/\" \/>\n<meta property=\"og:site_name\" content=\"Le\u00f3n Inform\u00e1tica\" \/>\n<meta property=\"article:modified_time\" content=\"2024-08-14T18:12:12+00:00\" \/>\n<meta property=\"og:image\" content=\"https:\/\/leoninformatica.com.py\/inicio\/wp-content\/uploads\/2024\/07\/dep-it.jpg\" \/>\n\t<meta property=\"og:image:width\" content=\"595\" \/>\n\t<meta property=\"og:image:height\" content=\"346\" \/>\n\t<meta property=\"og:image:type\" content=\"image\/jpeg\" \/>\n<meta name=\"twitter:card\" content=\"summary_large_image\" \/>\n<meta name=\"twitter:label1\" content=\"Tiempo de lectura\" \/>\n\t<meta name=\"twitter:data1\" content=\"5 minutos\" \/>\n<script type=\"application\/ld+json\" class=\"yoast-schema-graph\">{\"@context\":\"https:\/\/schema.org\",\"@graph\":[{\"@type\":\"WebPage\",\"@id\":\"https:\/\/leoninformatica.com.py\/inicio\/index.php\/nuestras-soluciones\/\",\"url\":\"https:\/\/leoninformatica.com.py\/inicio\/index.php\/nuestras-soluciones\/\",\"name\":\"Nuestras soluciones - Le\u00f3n Inform\u00e1tica\",\"isPartOf\":{\"@id\":\"https:\/\/leoninformatica.com.py\/inicio\/#website\"},\"primaryImageOfPage\":{\"@id\":\"https:\/\/leoninformatica.com.py\/inicio\/index.php\/nuestras-soluciones\/#primaryimage\"},\"image\":{\"@id\":\"https:\/\/leoninformatica.com.py\/inicio\/index.php\/nuestras-soluciones\/#primaryimage\"},\"thumbnailUrl\":\"https:\/\/leoninformatica.com.py\/inicio\/wp-content\/uploads\/2024\/07\/dep-it.jpg\",\"datePublished\":\"2024-07-26T15:38:27+00:00\",\"dateModified\":\"2024-08-14T18:12:12+00:00\",\"breadcrumb\":{\"@id\":\"https:\/\/leoninformatica.com.py\/inicio\/index.php\/nuestras-soluciones\/#breadcrumb\"},\"inLanguage\":\"es\",\"potentialAction\":[{\"@type\":\"ReadAction\",\"target\":[\"https:\/\/leoninformatica.com.py\/inicio\/index.php\/nuestras-soluciones\/\"]}]},{\"@type\":\"ImageObject\",\"inLanguage\":\"es\",\"@id\":\"https:\/\/leoninformatica.com.py\/inicio\/index.php\/nuestras-soluciones\/#primaryimage\",\"url\":\"https:\/\/leoninformatica.com.py\/inicio\/wp-content\/uploads\/2024\/07\/dep-it.jpg\",\"contentUrl\":\"https:\/\/leoninformatica.com.py\/inicio\/wp-content\/uploads\/2024\/07\/dep-it.jpg\",\"width\":595,\"height\":346},{\"@type\":\"BreadcrumbList\",\"@id\":\"https:\/\/leoninformatica.com.py\/inicio\/index.php\/nuestras-soluciones\/#breadcrumb\",\"itemListElement\":[{\"@type\":\"ListItem\",\"position\":1,\"name\":\"Portada\",\"item\":\"https:\/\/leoninformatica.com.py\/inicio\/\"},{\"@type\":\"ListItem\",\"position\":2,\"name\":\"Nuestras soluciones\"}]},{\"@type\":\"WebSite\",\"@id\":\"https:\/\/leoninformatica.com.py\/inicio\/#website\",\"url\":\"https:\/\/leoninformatica.com.py\/inicio\/\",\"name\":\"Le\u00f3n Inform\u00e1tica\",\"description\":\"Eficiencia Tecnol\u00f3gica\",\"publisher\":{\"@id\":\"https:\/\/leoninformatica.com.py\/inicio\/#organization\"},\"potentialAction\":[{\"@type\":\"SearchAction\",\"target\":{\"@type\":\"EntryPoint\",\"urlTemplate\":\"https:\/\/leoninformatica.com.py\/inicio\/?s={search_term_string}\"},\"query-input\":{\"@type\":\"PropertyValueSpecification\",\"valueRequired\":true,\"valueName\":\"search_term_string\"}}],\"inLanguage\":\"es\"},{\"@type\":\"Organization\",\"@id\":\"https:\/\/leoninformatica.com.py\/inicio\/#organization\",\"name\":\"Le\u00f3n Inform\u00e1tica\",\"url\":\"https:\/\/leoninformatica.com.py\/inicio\/\",\"logo\":{\"@type\":\"ImageObject\",\"inLanguage\":\"es\",\"@id\":\"https:\/\/leoninformatica.com.py\/inicio\/#\/schema\/logo\/image\/\",\"url\":\"https:\/\/leoninformatica.com.py\/inicio\/wp-content\/uploads\/2024\/07\/Logo-Leon-JPG-scaled.jpg\",\"contentUrl\":\"https:\/\/leoninformatica.com.py\/inicio\/wp-content\/uploads\/2024\/07\/Logo-Leon-JPG-scaled.jpg\",\"width\":2560,\"height\":2560,\"caption\":\"Le\u00f3n Inform\u00e1tica\"},\"image\":{\"@id\":\"https:\/\/leoninformatica.com.py\/inicio\/#\/schema\/logo\/image\/\"}}]}<\/script>\n<!-- \/ Yoast SEO plugin. -->","yoast_head_json":{"title":"Nuestras soluciones - Le\u00f3n Inform\u00e1tica","robots":{"index":"index","follow":"follow","max-snippet":"max-snippet:-1","max-image-preview":"max-image-preview:large","max-video-preview":"max-video-preview:-1"},"canonical":"https:\/\/leoninformatica.com.py\/inicio\/index.php\/nuestras-soluciones\/","og_locale":"es_ES","og_type":"article","og_title":"Nuestras soluciones - Le\u00f3n Inform\u00e1tica","og_description":"Monitoreo de redes El monitoreo de red es una pr\u00e1ctica esencial en la gesti\u00f3n de infraestructuras de tecnolog\u00eda de la informaci\u00f3n, proporciona la informaci\u00f3n que los administradores de redes necesitan para determinar si una red est\u00e1 funcionando de manera eficiente y confiable, buscando componentes lentos o defectuosos. Esto se logra a trav\u00e9s de herramientas y [&hellip;]","og_url":"https:\/\/leoninformatica.com.py\/inicio\/index.php\/nuestras-soluciones\/","og_site_name":"Le\u00f3n Inform\u00e1tica","article_modified_time":"2024-08-14T18:12:12+00:00","og_image":[{"width":595,"height":346,"url":"https:\/\/leoninformatica.com.py\/inicio\/wp-content\/uploads\/2024\/07\/dep-it.jpg","type":"image\/jpeg"}],"twitter_card":"summary_large_image","twitter_misc":{"Tiempo de lectura":"5 minutos"},"schema":{"@context":"https:\/\/schema.org","@graph":[{"@type":"WebPage","@id":"https:\/\/leoninformatica.com.py\/inicio\/index.php\/nuestras-soluciones\/","url":"https:\/\/leoninformatica.com.py\/inicio\/index.php\/nuestras-soluciones\/","name":"Nuestras soluciones - Le\u00f3n Inform\u00e1tica","isPartOf":{"@id":"https:\/\/leoninformatica.com.py\/inicio\/#website"},"primaryImageOfPage":{"@id":"https:\/\/leoninformatica.com.py\/inicio\/index.php\/nuestras-soluciones\/#primaryimage"},"image":{"@id":"https:\/\/leoninformatica.com.py\/inicio\/index.php\/nuestras-soluciones\/#primaryimage"},"thumbnailUrl":"https:\/\/leoninformatica.com.py\/inicio\/wp-content\/uploads\/2024\/07\/dep-it.jpg","datePublished":"2024-07-26T15:38:27+00:00","dateModified":"2024-08-14T18:12:12+00:00","breadcrumb":{"@id":"https:\/\/leoninformatica.com.py\/inicio\/index.php\/nuestras-soluciones\/#breadcrumb"},"inLanguage":"es","potentialAction":[{"@type":"ReadAction","target":["https:\/\/leoninformatica.com.py\/inicio\/index.php\/nuestras-soluciones\/"]}]},{"@type":"ImageObject","inLanguage":"es","@id":"https:\/\/leoninformatica.com.py\/inicio\/index.php\/nuestras-soluciones\/#primaryimage","url":"https:\/\/leoninformatica.com.py\/inicio\/wp-content\/uploads\/2024\/07\/dep-it.jpg","contentUrl":"https:\/\/leoninformatica.com.py\/inicio\/wp-content\/uploads\/2024\/07\/dep-it.jpg","width":595,"height":346},{"@type":"BreadcrumbList","@id":"https:\/\/leoninformatica.com.py\/inicio\/index.php\/nuestras-soluciones\/#breadcrumb","itemListElement":[{"@type":"ListItem","position":1,"name":"Portada","item":"https:\/\/leoninformatica.com.py\/inicio\/"},{"@type":"ListItem","position":2,"name":"Nuestras soluciones"}]},{"@type":"WebSite","@id":"https:\/\/leoninformatica.com.py\/inicio\/#website","url":"https:\/\/leoninformatica.com.py\/inicio\/","name":"Le\u00f3n Inform\u00e1tica","description":"Eficiencia Tecnol\u00f3gica","publisher":{"@id":"https:\/\/leoninformatica.com.py\/inicio\/#organization"},"potentialAction":[{"@type":"SearchAction","target":{"@type":"EntryPoint","urlTemplate":"https:\/\/leoninformatica.com.py\/inicio\/?s={search_term_string}"},"query-input":{"@type":"PropertyValueSpecification","valueRequired":true,"valueName":"search_term_string"}}],"inLanguage":"es"},{"@type":"Organization","@id":"https:\/\/leoninformatica.com.py\/inicio\/#organization","name":"Le\u00f3n Inform\u00e1tica","url":"https:\/\/leoninformatica.com.py\/inicio\/","logo":{"@type":"ImageObject","inLanguage":"es","@id":"https:\/\/leoninformatica.com.py\/inicio\/#\/schema\/logo\/image\/","url":"https:\/\/leoninformatica.com.py\/inicio\/wp-content\/uploads\/2024\/07\/Logo-Leon-JPG-scaled.jpg","contentUrl":"https:\/\/leoninformatica.com.py\/inicio\/wp-content\/uploads\/2024\/07\/Logo-Leon-JPG-scaled.jpg","width":2560,"height":2560,"caption":"Le\u00f3n Inform\u00e1tica"},"image":{"@id":"https:\/\/leoninformatica.com.py\/inicio\/#\/schema\/logo\/image\/"}}]}},"_links":{"self":[{"href":"https:\/\/leoninformatica.com.py\/inicio\/index.php\/wp-json\/wp\/v2\/pages\/22","targetHints":{"allow":["GET"]}}],"collection":[{"href":"https:\/\/leoninformatica.com.py\/inicio\/index.php\/wp-json\/wp\/v2\/pages"}],"about":[{"href":"https:\/\/leoninformatica.com.py\/inicio\/index.php\/wp-json\/wp\/v2\/types\/page"}],"author":[{"embeddable":true,"href":"https:\/\/leoninformatica.com.py\/inicio\/index.php\/wp-json\/wp\/v2\/users\/1"}],"replies":[{"embeddable":true,"href":"https:\/\/leoninformatica.com.py\/inicio\/index.php\/wp-json\/wp\/v2\/comments?post=22"}],"version-history":[{"count":7,"href":"https:\/\/leoninformatica.com.py\/inicio\/index.php\/wp-json\/wp\/v2\/pages\/22\/revisions"}],"predecessor-version":[{"id":119,"href":"https:\/\/leoninformatica.com.py\/inicio\/index.php\/wp-json\/wp\/v2\/pages\/22\/revisions\/119"}],"wp:featuredmedia":[{"embeddable":true,"href":"https:\/\/leoninformatica.com.py\/inicio\/index.php\/wp-json\/wp\/v2\/media\/31"}],"wp:attachment":[{"href":"https:\/\/leoninformatica.com.py\/inicio\/index.php\/wp-json\/wp\/v2\/media?parent=22"}],"curies":[{"name":"wp","href":"https:\/\/api.w.org\/{rel}","templated":true}]}}